{"id":709,"date":"2015-07-04T14:19:00","date_gmt":"2015-07-04T12:19:00","guid":{"rendered":"http:\/\/www.globalluxuryconsulting.it\/?page_id=709"},"modified":"2015-07-04T14:21:53","modified_gmt":"2015-07-04T12:21:53","slug":"privacy","status":"publish","type":"page","link":"http:\/\/www.globalluxuryconsulting.it\/?page_id=709","title":{"rendered":"Privacy"},"content":{"rendered":"<p style=\"text-align: justify;\"><strong>Cookies Policy<\/strong><\/p>\n<p style=\"text-align: justify;\">Questo sito raccoglie alcuni dati personali dei visitatori attraverso i c.d. <em>cookies<\/em>.<\/p>\n<p style=\"text-align: justify;\">I dati possono essere utilizzati dal gestore del sito per l&#8217;invio di newsletter e comunicazioni via email riguardanti le attivit\u00e0 di globalluxuryconsulting.it.<\/p>\n<p style=\"text-align: justify;\">Tali dati sono trattati su supporti informatici protetti nel rispetto delle leggi vigenti e non verranno in nessun caso e a nessun titolo ceduti a terzi. Potranno essere esibiti soltanto su richiesta dell&#8217;autorit\u00e0 giudiziaria.<\/p>\n<h3 style=\"text-align: justify;\">Cookies in generale<\/h3>\n<p style=\"text-align: justify;\"><strong>Cookie<\/strong>:\u00a0 (fonte Wikipedia)\u00a0 \u201c<em>In informatica i cookie HTTP (pi\u00f9 comunemente denominati Web cookie, tracking cookie o semplicemente cookie) sono righe di testo usate per eseguire autenticazioni automatiche, tracciatura di sessioni e memorizzazione di informazioni specifiche riguardanti gli utenti che accedono al server, come ad esempio siti web preferiti o, in caso di acquisti via internet, il contenuto dei loro \u201ccarrelli della spesa<\/em>\u201c.<\/p>\n<p style=\"text-align: justify;\">Nel dettaglio, sono stringhe di testo di piccola dimensione inviate da un server ad un Web client (di solito un browser) e poi rimandati indietro dal client al server (senza subire modifiche) ogni volta che il client accede alla stessa porzione dello stesso dominio web.<\/p>\n<p style=\"text-align: justify;\">Ogni dominio o sua porzione che viene visitata col browser pu\u00f2 impostare dei cookie. Poich\u00e9 una tipica pagina Internet, ad esempio quella di un giornale in rete, contiene oggetti che provengono da molti domini diversi e ognuno di essi pu\u00f2 impostare cookie, \u00e8 normale ospitare nel proprio browser molte centinaia di cookie.<\/p>\n<p style=\"text-align: justify;\">Gli utenti che visionano il sito globalluxuryconsulting.it vedranno inserite delle quantit\u00e0 minime di informazioni nei dispositivi in uso, che siano computer e periferiche mobili, in piccoli file di testo denominati \u201c<em>cookie<\/em>\u201d salvati nelle directory utilizzate dal browser web dell\u2019Utente.<\/p>\n<p style=\"text-align: justify;\">Vi sono vari tipi di cookie utilizzati da globalluxuryconsulting.it, alcuni per rendere pi\u00f9 efficace l\u2019uso del Sito, altri per abilitare determinate funzionalit\u00e0.<\/p>\n<h3 style=\"text-align: justify;\">Cookies Tecnici<\/h3>\n<p style=\"text-align: justify;\">Il sito utilizza un solo tipo di cookies per permetere al browser di ricordare la preferenza dell\u2019Utente di rimanere loggato e pronto a riprendere i dati di accesso alla riapertura di sessione. In ogni caso i cookies utilizzati da globalluxuryconsulting.it sono temporanei e vengono cancellati allo scadere del periodo di durata.<\/p>\n<h3 style=\"text-align: justify;\">Cookies statistici<\/h3>\n<p style=\"text-align: justify;\">I cookies statistici sono parificati ai cookies tecnici e servono a raccogliere e analizzare informazioni relative all\u2019uso del sito da parte degli utenti (ad es. numero di pagine visitate, pagine accedute, ecc.). Tali informazioni non possono essere utilizzate e non vengono utilizzate per fini commerciali.<\/p>\n<h3 style=\"text-align: justify;\">Cookies di sessione<\/h3>\n<p style=\"text-align: justify;\">Servono a correlare le pagine visitate alla medesima sessione di lavoro.\u00a0Tali cookies non effettuano alcuna operazione e non contengono informazioni personali, n\u00e9 sono in grado di ricavarle o estrarle e trasmetterle al server che li genera.<\/p>\n<h3 style=\"text-align: justify;\">Cookies di terze parti<\/h3>\n<p style=\"text-align: justify;\">Il sito ospita alcuni banner pubblicitari,\u00a0 nonch\u00e9 alcuni pulsanti ai fini di pubblicazioni di notizie su social, \u00a0utilizzando i seguenti servizi:<\/p>\n<div class=\"textLayer\" style=\"text-align: justify;\">\n<p>Per garantire una maggiore trasparenza vengono di seguito riportati gli indirizzi web delle diverse informative e delle modalit\u00e0\u202f di gestione dei cookie:<\/p>\n<p><strong>Facebook (informativa)<\/strong>: <a href=\"https:\/\/www.facebook.com\/help\/cookies\/\">https:\/\/www.facebook.com\/help\/cookies\/<\/a><br \/>\n<strong>Facebook (config.)<\/strong>: accedere al proprio account. Sezione privacy.<br \/>\n<strong>Twitter (informativa)<\/strong>:\u202f <a href=\"https:\/\/support.twitter.com\/articles\/20170514\">https:\/\/support.twitter.com\/articles\/20170514<\/a><br \/>\n<strong>Twitter (config.)<\/strong>: <a href=\"https:\/\/twitter.com\/settings\/security\">https:\/\/twitter.com\/settings\/security<\/a><br \/>\n<strong>Google+ (informativa)<\/strong>:\u202f <a href=\"http:\/\/www.google.it\/intl\/it\/policies\/technologies\/cookies\">http:\/\/www.google.it\/intl\/it\/policies\/technologies\/cookies<\/a>\/<br \/>\n<strong>Google+ (config.)\u00a0<\/strong>:\u202fh<a href=\"http:\/\/www.google.it\/intl\/it\/policies\/technologies\/managing\/\">ttp:\/\/www.google.it\/intl\/it\/policies\/technologies\/managing\/<\/a><\/p>\n<h3>Impedire il rilascio di cookies<\/h3>\n<\/div>\n<p style=\"text-align: justify;\">L\u2019utente pu\u00f2 agire sulle impostazioni del proprio browser, impostando una diversa modalit\u00e0 di gestione dei cookies, ad esempio disponendo di non consentire l\u2019installazione degli stessi sul proprio computer.<br \/>\nPer maggiori informazioni, suggeriamo di consultare le pagine di supporto del proprio browser.<\/p>\n<ul class=\"line\" style=\"text-align: justify;\">\n<li>Come disabilitare i\u00a0cookie su <a href=\"https:\/\/support.mozilla.org\/it\/kb\/Attivare%20e%20disattivare%20i%20cookie\" target=\"_blank\"><b>Firefox<\/b><\/a><\/li>\n<li>Come disabilitare i\u00a0cookie su\u00a0<a href=\"http:\/\/www.google.com\/policies\/technologies\/managing\/\" target=\"_blank\"><b>Chrome<\/b><\/a><\/li>\n<li>Come disabilitare i\u00a0cookie su\u00a0<a href=\"http:\/\/windows.microsoft.com\/it-it\/internet-explorer\/delete-manage-cookies#ie=ie-11\" target=\"_blank\"><b>Internet Explorer<\/b><\/a><\/li>\n<li>Come disabilitare i\u00a0cookie su\u00a0<a href=\"http:\/\/support.apple.com\/kb\/HT1677?viewlocale=it_IT&amp;locale=it_IT\" target=\"_blank\"><b>Safari<\/b><\/a><\/li>\n<li>Come disabilitare i\u00a0cookie su\u00a0<a href=\"http:\/\/help.opera.com\/Mac\/12.10\/it\/cookies.html\" target=\"_blank\"><b>Opera<\/b><\/a><\/li>\n<\/ul>\n<h3 style=\"text-align: justify;\">trattamento dei dati relativi agli indirizzi email<\/h3>\n<p style=\"text-align: justify;\">L\u2019inserimento libero e volontario del proprio indirizzo email \u00e8 indispensabile per gli utenti che vogliano essere raggiunti da newsletter. In tal caso verr\u00e0 memorizzato il solo indirizzo mail inserito che non sar\u00e0 reso pubblico e resta nella sola disponibilit\u00e0 del titolare del trattamento dei dati.<\/p>\n<p style=\"text-align: justify;\">Titolare del trattamento dati \u00e8 Luxury Green srl &#8211; Via Brera, 11, 20121 Milano, nella persona del legale rappresentante Matteo d&#8217;Altilia &#8211; <a href=\"mailto:matteo.daltilia@globalluxuryconsulting.it\">matteo.daltilia@globalluxuryconsulting.it<\/a><\/p>\n<p style=\"text-align: justify;\">Luxury Green srl\u00a0garantisce pertanto il rispetto totale della normativa in materia di trattamento dei dati personali, disciplinata dal codice di privacy di cui al DLgs. N. 196 del 30\/06\/2003.<\/p>\n<p>&nbsp;<\/p>\n","protected":false},"excerpt":{"rendered":"<p>Cookies Policy Questo sito raccoglie alcuni dati personali dei visitatori attraverso i c.d. cookies. I dati possono essere utilizzati dal gestore del sito per l&#8217;invio di newsletter e comunicazioni via email riguardanti le attivit\u00e0 di globalluxuryconsulting.it. Tali dati sono trattati su supporti informatici protetti nel rispetto delle leggi vigenti e non verranno in nessun caso [&#038;hellip<\/p>\n","protected":false},"author":1,"featured_media":0,"parent":0,"menu_order":0,"comment_status":"open","ping_status":"open","template":"","meta":{"footnotes":""},"class_list":["post-709","page","type-page","status-publish","hentry"],"yoast_head":"<!-- This site is optimized with the Yoast SEO plugin v23.9 - https:\/\/yoast.com\/wordpress\/plugins\/seo\/ -->\n<title>Privacy - Global Luxury Consulting<\/title>\n<meta name=\"robots\" content=\"index, follow, max-snippet:-1, max-image-preview:large, max-video-preview:-1\" \/>\n<link rel=\"canonical\" href=\"http:\/\/www.globalluxuryconsulting.it\/?page_id=709\" \/>\n<meta property=\"og:locale\" content=\"it_IT\" \/>\n<meta property=\"og:type\" content=\"article\" \/>\n<meta property=\"og:title\" content=\"Privacy - Global Luxury Consulting\" \/>\n<meta property=\"og:description\" content=\"Cookies Policy Questo sito raccoglie alcuni dati personali dei visitatori attraverso i c.d. cookies. I dati possono essere utilizzati dal gestore del sito per l&#8217;invio di newsletter e comunicazioni via email riguardanti le attivit\u00e0 di globalluxuryconsulting.it. Tali dati sono trattati su supporti informatici protetti nel rispetto delle leggi vigenti e non verranno in nessun caso [&amp;hellip\" \/>\n<meta property=\"og:url\" content=\"http:\/\/www.globalluxuryconsulting.it\/?page_id=709\" \/>\n<meta property=\"og:site_name\" content=\"Global Luxury Consulting\" \/>\n<meta property=\"article:modified_time\" content=\"2015-07-04T12:21:53+00:00\" \/>\n<meta name=\"twitter:label1\" content=\"Tempo di lettura stimato\" \/>\n\t<meta name=\"twitter:data1\" content=\"4 minuti\" \/>\n<script type=\"application\/ld+json\" class=\"yoast-schema-graph\">{\"@context\":\"https:\/\/schema.org\",\"@graph\":[{\"@type\":\"WebPage\",\"@id\":\"http:\/\/www.globalluxuryconsulting.it\/?page_id=709\",\"url\":\"http:\/\/www.globalluxuryconsulting.it\/?page_id=709\",\"name\":\"Privacy - Global Luxury Consulting\",\"isPartOf\":{\"@id\":\"http:\/\/www.globalluxuryconsulting.it\/#website\"},\"datePublished\":\"2015-07-04T12:19:00+00:00\",\"dateModified\":\"2015-07-04T12:21:53+00:00\",\"breadcrumb\":{\"@id\":\"http:\/\/www.globalluxuryconsulting.it\/?page_id=709#breadcrumb\"},\"inLanguage\":\"it-IT\",\"potentialAction\":[{\"@type\":\"ReadAction\",\"target\":[\"http:\/\/www.globalluxuryconsulting.it\/?page_id=709\"]}]},{\"@type\":\"BreadcrumbList\",\"@id\":\"http:\/\/www.globalluxuryconsulting.it\/?page_id=709#breadcrumb\",\"itemListElement\":[{\"@type\":\"ListItem\",\"position\":1,\"name\":\"Home\",\"item\":\"http:\/\/www.globalluxuryconsulting.it\/\"},{\"@type\":\"ListItem\",\"position\":2,\"name\":\"Privacy\"}]},{\"@type\":\"WebSite\",\"@id\":\"http:\/\/www.globalluxuryconsulting.it\/#website\",\"url\":\"http:\/\/www.globalluxuryconsulting.it\/\",\"name\":\"Global Luxury Consulting\",\"description\":\"Un nuovo sito targato WordPress\",\"potentialAction\":[{\"@type\":\"SearchAction\",\"target\":{\"@type\":\"EntryPoint\",\"urlTemplate\":\"http:\/\/www.globalluxuryconsulting.it\/?s={search_term_string}\"},\"query-input\":{\"@type\":\"PropertyValueSpecification\",\"valueRequired\":true,\"valueName\":\"search_term_string\"}}],\"inLanguage\":\"it-IT\"}]}<\/script>\n<!-- \/ Yoast SEO plugin. -->","yoast_head_json":{"title":"Privacy - Global Luxury Consulting","robots":{"index":"index","follow":"follow","max-snippet":"max-snippet:-1","max-image-preview":"max-image-preview:large","max-video-preview":"max-video-preview:-1"},"canonical":"http:\/\/www.globalluxuryconsulting.it\/?page_id=709","og_locale":"it_IT","og_type":"article","og_title":"Privacy - Global Luxury Consulting","og_description":"Cookies Policy Questo sito raccoglie alcuni dati personali dei visitatori attraverso i c.d. cookies. I dati possono essere utilizzati dal gestore del sito per l&#8217;invio di newsletter e comunicazioni via email riguardanti le attivit\u00e0 di globalluxuryconsulting.it. Tali dati sono trattati su supporti informatici protetti nel rispetto delle leggi vigenti e non verranno in nessun caso [&hellip","og_url":"http:\/\/www.globalluxuryconsulting.it\/?page_id=709","og_site_name":"Global Luxury Consulting","article_modified_time":"2015-07-04T12:21:53+00:00","twitter_misc":{"Tempo di lettura stimato":"4 minuti"},"schema":{"@context":"https:\/\/schema.org","@graph":[{"@type":"WebPage","@id":"http:\/\/www.globalluxuryconsulting.it\/?page_id=709","url":"http:\/\/www.globalluxuryconsulting.it\/?page_id=709","name":"Privacy - Global Luxury Consulting","isPartOf":{"@id":"http:\/\/www.globalluxuryconsulting.it\/#website"},"datePublished":"2015-07-04T12:19:00+00:00","dateModified":"2015-07-04T12:21:53+00:00","breadcrumb":{"@id":"http:\/\/www.globalluxuryconsulting.it\/?page_id=709#breadcrumb"},"inLanguage":"it-IT","potentialAction":[{"@type":"ReadAction","target":["http:\/\/www.globalluxuryconsulting.it\/?page_id=709"]}]},{"@type":"BreadcrumbList","@id":"http:\/\/www.globalluxuryconsulting.it\/?page_id=709#breadcrumb","itemListElement":[{"@type":"ListItem","position":1,"name":"Home","item":"http:\/\/www.globalluxuryconsulting.it\/"},{"@type":"ListItem","position":2,"name":"Privacy"}]},{"@type":"WebSite","@id":"http:\/\/www.globalluxuryconsulting.it\/#website","url":"http:\/\/www.globalluxuryconsulting.it\/","name":"Global Luxury Consulting","description":"Un nuovo sito targato WordPress","potentialAction":[{"@type":"SearchAction","target":{"@type":"EntryPoint","urlTemplate":"http:\/\/www.globalluxuryconsulting.it\/?s={search_term_string}"},"query-input":{"@type":"PropertyValueSpecification","valueRequired":true,"valueName":"search_term_string"}}],"inLanguage":"it-IT"}]}},"_links":{"self":[{"href":"http:\/\/www.globalluxuryconsulting.it\/index.php?rest_route=\/wp\/v2\/pages\/709","targetHints":{"allow":["GET"]}}],"collection":[{"href":"http:\/\/www.globalluxuryconsulting.it\/index.php?rest_route=\/wp\/v2\/pages"}],"about":[{"href":"http:\/\/www.globalluxuryconsulting.it\/index.php?rest_route=\/wp\/v2\/types\/page"}],"author":[{"embeddable":true,"href":"http:\/\/www.globalluxuryconsulting.it\/index.php?rest_route=\/wp\/v2\/users\/1"}],"replies":[{"embeddable":true,"href":"http:\/\/www.globalluxuryconsulting.it\/index.php?rest_route=%2Fwp%2Fv2%2Fcomments&post=709"}],"version-history":[{"count":2,"href":"http:\/\/www.globalluxuryconsulting.it\/index.php?rest_route=\/wp\/v2\/pages\/709\/revisions"}],"predecessor-version":[{"id":713,"href":"http:\/\/www.globalluxuryconsulting.it\/index.php?rest_route=\/wp\/v2\/pages\/709\/revisions\/713"}],"wp:attachment":[{"href":"http:\/\/www.globalluxuryconsulting.it\/index.php?rest_route=%2Fwp%2Fv2%2Fmedia&parent=709"}],"curies":[{"name":"wp","href":"https:\/\/api.w.org\/{rel}","templated":true}]}}